{"id":25437,"date":"2025-03-21T03:29:36","date_gmt":"2025-03-21T03:29:36","guid":{"rendered":"https:\/\/tvornica.si\/?post_type=product&#038;p=25437"},"modified":"2025-03-22T09:50:35","modified_gmt":"2025-03-22T09:50:35","slug":"alma-lovrencic-pelji-me-na-luno-5","status":"publish","type":"product","link":"https:\/\/tvornica.si\/en\/product\/alma-lovrencic-pelji-me-na-luno-5\/","title":{"rendered":"Alma Lovren\u010di\u010d &#8211; Pelji me na luno 5"},"content":{"rendered":"<p>&#8220;Pelji me na luno 5&#8221;<\/p>\n<p>Me\u0161ana tehnika na platnu<br \/>\n40x80cm<\/p>\n<p><strong>ALMA LOVREN\u010cI\u010c <\/strong>je diplomirala iz slikarstva na Akademiji za likovno umetnost v Benetkah (Accademia di Belle Arti di Venezia). Njeno glavno podro\u010dje delovanja je abstraktno slikarstvo, na podlagi katerega se je za\u010dela ukvarjati tudi z oblikovanjem in razvijati svojo blagovno znamko Allmaverse. Leta 2022 je postala \u010dlanica DLUM-a in ZDSLU, v sklopu katerih je sodelovala na nekaterih skupinskih razstavah v Sloveniji in na Hrva\u0161kem. Leta 2024 se je za\u010dela uveljavljati tudi mednarodno. Sodelovala je na mednarodni razstavi Art Deco International Show 2024 v Budimpe\u0161ti, kjer je bila ena izmed zmagovalcev. Marca 2024 je sodelovala na razstavi Art connects women 2024 z naslovom Inspire inclusion v Dubaju, kjer je med 800 prijavljenimi iz celega sveta bila med 108 izbranimi umetnicami, vsako iz svoje dr\u017eave, da s svojim umetni\u0161kim delom predstavlja Slovenijo. Z isto galerijo je pozneje sodelovala tudi v projektu SDGs through arts (Sustainable development goals through arts) v Sarajevu. Bila je povabljena tudi na live painting dogodek v Garden social club v Barceloni.<\/p>\n<p><strong>O slikarski seriji PELJI ME NA LUNO<\/strong><\/p>\n<p>&#8220;Moje ustvarjanje najbolj navdihujejo narava, morje in nebo, saj zame predstavljajo ob\u010dutke svobode in brezmejnosti, ki so klju\u010dni pri mojem ustvarjanju. Vsepovsod okoli nas ves \u010das i\u0161\u010dem organske oblike, ki jih prav tako vkomponiram v svoje ustvarjanje. Slikarska serija Pelji me na luno sestoji iz 21 slik (tukaj jih je predstavljenih le 19) in temelji na raziskovanju elementa zrak. Predstavlja moj odnos in ob\u010dutenje do le tega. Ponazarjam nekaj neoprijemljivega, malce skrivnostnega, prepletanje \u017eivljenja tukaj na Zemlji in skrivnostnega \u017eivljenja tam nekje dale\u010d nad nami, spodbujajo\u010d domi\u0161ljijo pri gledalcu. Serija je prav tako zelo eksperimentalne narave. Uporabila sem razli\u010dne dimenzije platen, od \u010disto majhnih do res ogromnih in okroglih ter razli\u010dne tehnike. Uporabila sem akril, alkoholni tu\u0161 pome\u0161an s pigmaneti, metalne barve in spreje na vodni bazi. Ker sem upodabljala nekaj zelo zra\u010dnega, sem barve tudi dejansko razpihala na platnu.&#8221;<\/p>\n<p><strong>&#8220;Povabim te, da se potopi\u0161 v skrivnostni svet barv in organskih oblik ter se prepusti\u0161 svoji domi\u0161ljiji.&#8221;<\/strong><\/p>\n<p><em>Alma Lovren\u010di\u010d<\/em><\/p>","protected":false},"excerpt":{"rendered":"<p>&#8220;Pelji me na luno 5&#8221;<\/p>\n<p>Me\u0161ana tehnika na platnu<br \/>\n40x80cm<\/p>\n<h6>Prevzem in dostava<\/h6>\n<p>Umetnine lahko prevzamete v <strong>Prodajni galeriji TVORNICA na Trubarjevi 72, 1000 Ljubljana.<\/strong><br \/>\nPonujamo vam tudi mo\u017enost <strong>osebne dostave<\/strong> ali <strong>dostave preko Po\u0161te Slovenija<\/strong>. <strong>Za izra\u010dun dostave nas kontaktirajte<\/strong> na +386 40 656 939 ali na info@tvornica.si.<\/p>","protected":false},"featured_media":25418,"template":"","meta":[],"product_cat":[238],"product_tag":[247],"class_list":{"0":"post-25437","1":"product","2":"type-product","3":"status-publish","4":"has-post-thumbnail","6":"product_cat-platno","7":"product_tag-alma-lovrencic","8":"product_shipping_class-moznost-osebne-dostave","10":"first","11":"instock","12":"shipping-taxable","13":"purchasable","14":"product-type-simple"},"_links":{"self":[{"href":"https:\/\/tvornica.si\/en\/wp-json\/wp\/v2\/product\/25437","targetHints":{"allow":["GET"]}}],"collection":[{"href":"https:\/\/tvornica.si\/en\/wp-json\/wp\/v2\/product"}],"about":[{"href":"https:\/\/tvornica.si\/en\/wp-json\/wp\/v2\/types\/product"}],"wp:featuredmedia":[{"embeddable":true,"href":"https:\/\/tvornica.si\/en\/wp-json\/wp\/v2\/media\/25418"}],"wp:attachment":[{"href":"https:\/\/tvornica.si\/en\/wp-json\/wp\/v2\/media?parent=25437"}],"wp:term":[{"taxonomy":"product_cat","embeddable":true,"href":"https:\/\/tvornica.si\/en\/wp-json\/wp\/v2\/product_cat?post=25437"},{"taxonomy":"product_tag","embeddable":true,"href":"https:\/\/tvornica.si\/en\/wp-json\/wp\/v2\/product_tag?post=25437"}],"curies":[{"name":"wp","href":"https:\/\/api.w.org\/{rel}","templated":true}]}}