{"id":25318,"date":"2025-03-02T07:53:10","date_gmt":"2025-03-02T07:53:10","guid":{"rendered":"https:\/\/tvornica.si\/?post_type=product&#038;p=25318"},"modified":"2025-03-22T09:55:54","modified_gmt":"2025-03-22T09:55:54","slug":"vid-svetina-drugs","status":"publish","type":"product","link":"https:\/\/tvornica.si\/en\/product\/vid-svetina-drugs\/","title":{"rendered":"Vid Svetina &#8211; Drugs"},"content":{"rendered":"<p>&#8220;Drugs&#8221;<\/p>\n<p>Pastel na platnu<br \/>\n40x30cm<\/p>\n<p><strong>VID SVETINA<\/strong> je vsestranski umetnik, ki je svojo ustvarjalno pot za\u010del kot pisatelj poezije in kratkih zgodb, navdihnjen po o\u010detovem zgledu. Kljub za\u010detni predanosti besedam se je njegova umetni\u0161ka izra\u017eenost s \u010dasom preusmerila v vizualno podobo, ki je presegala meje jezika. Po obdobju, ko se je v gimnaziji in na \u0161tudiju kulturologije osredoto\u010dal na fotografijo, je Vid nadaljeval izobra\u017eevanje na Vi\u0161ji \u0161oli Sre\u010dka Kosovela v Se\u017eani, kjer je izpopolnjeval svoje znanje v fotografiji. Njegovo delo je mo\u010dno zaznamovala povezava s Kosovelovo poezijo, \u010dlove\u0161kimi interakcijami in konstruktivizmom.<\/p>\n<p>Vid je v svetu fotografije raziskoval predvsem analogne tehnike, skozi katere je ustvarjal skoraj abstraktne likovne podobe, ob tem pa se je preizku\u0161al tudi v modni fotografiji, kjer je na\u0161el navdih in izziv. Kljub strasti do fotografije ga je vedno spremljal ob\u010dutek, da ta medij ne izra\u017ea vsega, kar \u017eeli povedati. Tako je fotografijo zamenjal za risbo, preko katere je raziskoval svet okoli sebe skozi abstraktne sisteme in misli. S\u010dasoma so barve in platna nadomestila risbo, ki zdaj predstavlja osrednji medij njegovega umetni\u0161kega ustvarjanja.<\/p>","protected":false},"excerpt":{"rendered":"<p>&#8220;Drugs&#8221;<\/p>\n<p>Pastel na platnu<br \/>\n40x30cm<\/p>\n<h6>Prevzem in dostava<\/h6>\n<p>Umetnine lahko prevzamete v <strong>Prodajni galeriji TVORNICA na Trubarjevi 72, 1000 Ljubljana.<\/strong><br \/>\nPonujamo vam tudi mo\u017enost <strong>osebne dostave<\/strong> ali <strong>dostave preko Po\u0161te Slovenija<\/strong>. <strong>Za izra\u010dun dostave nas kontaktirajte<\/strong> na +386 40 656 939 ali na info@tvornica.si.<\/p>","protected":false},"featured_media":25301,"template":"","meta":[],"product_cat":[238],"product_tag":[248],"class_list":{"0":"post-25318","1":"product","2":"type-product","3":"status-publish","4":"has-post-thumbnail","6":"product_cat-platno","7":"product_tag-vid-svetina","8":"product_shipping_class-moznost-osebne-dostave","10":"first","11":"instock","12":"shipping-taxable","13":"purchasable","14":"product-type-simple"},"_links":{"self":[{"href":"https:\/\/tvornica.si\/en\/wp-json\/wp\/v2\/product\/25318","targetHints":{"allow":["GET"]}}],"collection":[{"href":"https:\/\/tvornica.si\/en\/wp-json\/wp\/v2\/product"}],"about":[{"href":"https:\/\/tvornica.si\/en\/wp-json\/wp\/v2\/types\/product"}],"wp:featuredmedia":[{"embeddable":true,"href":"https:\/\/tvornica.si\/en\/wp-json\/wp\/v2\/media\/25301"}],"wp:attachment":[{"href":"https:\/\/tvornica.si\/en\/wp-json\/wp\/v2\/media?parent=25318"}],"wp:term":[{"taxonomy":"product_cat","embeddable":true,"href":"https:\/\/tvornica.si\/en\/wp-json\/wp\/v2\/product_cat?post=25318"},{"taxonomy":"product_tag","embeddable":true,"href":"https:\/\/tvornica.si\/en\/wp-json\/wp\/v2\/product_tag?post=25318"}],"curies":[{"name":"wp","href":"https:\/\/api.w.org\/{rel}","templated":true}]}}