{"id":24303,"date":"2024-11-28T04:00:20","date_gmt":"2024-11-28T04:00:20","guid":{"rendered":"https:\/\/tvornica.si\/?page_id=24303"},"modified":"2024-11-28T04:33:19","modified_gmt":"2024-11-28T04:33:19","slug":"neon-rabbit-2","status":"publish","type":"page","link":"https:\/\/tvornica.si\/en\/neon-rabbit-2\/","title":{"rendered":"NEON RABBIT"},"content":{"rendered":"<div data-elementor-type=\"wp-page\" data-elementor-id=\"24303\" class=\"elementor elementor-24303\">\n\t\t\t\t\t\t<section class=\"elementor-section elementor-top-section elementor-element elementor-element-71752fd elementor-section-boxed elementor-section-height-default elementor-section-height-default sc_fly_static\" data-id=\"71752fd\" data-element_type=\"section\">\n\t\t\t\t\t\t<div class=\"elementor-container elementor-column-gap-extended\">\n\t\t\t\t\t<div class=\"elementor-column elementor-col-50 elementor-top-column elementor-element elementor-element-e66e23a sc_content_align_inherit sc_layouts_column_icons_position_left sc_fly_static\" data-id=\"e66e23a\" data-element_type=\"column\">\n\t\t\t<div class=\"elementor-widget-wrap elementor-element-populated\">\n\t\t\t\t\t\t<div class=\"elementor-element elementor-element-bc9a638 elementor-widget__width-initial sc_fly_static elementor-widget elementor-widget-image\" data-id=\"bc9a638\" data-element_type=\"widget\" data-widget_type=\"image.default\">\n\t\t\t\t<div class=\"elementor-widget-container\">\n\t\t\t\t\t\t\t\t\t\t\t\t\t<img decoding=\"async\" src=\"https:\/\/tvornica.si\/wp-content\/uploads\/2024\/10\/Hisni-znamki-NEON-RABBIT.jpg\" title=\"Hisni-znamki-NEON-RABBIT\" alt=\"\" loading=\"lazy\" \/>\t\t\t\t\t\t\t\t\t\t\t\t\t<\/div>\n\t\t\t\t<\/div>\n\t\t\t\t<div class=\"elementor-element elementor-element-dec405e sc_fly_static elementor-widget elementor-widget-spacer\" data-id=\"dec405e\" data-element_type=\"widget\" data-widget_type=\"spacer.default\">\n\t\t\t\t<div class=\"elementor-widget-container\">\n\t\t\t\t\t<div class=\"elementor-spacer\">\n\t\t\t<div class=\"elementor-spacer-inner\"><\/div>\n\t\t<\/div>\n\t\t\t\t<\/div>\n\t\t\t\t<\/div>\n\t\t\t\t\t<\/div>\n\t\t<\/div>\n\t\t\t\t<div class=\"elementor-column elementor-col-50 elementor-top-column elementor-element elementor-element-5cc67e1 sc_content_align_inherit sc_layouts_column_icons_position_left sc_fly_static\" data-id=\"5cc67e1\" data-element_type=\"column\">\n\t\t\t<div class=\"elementor-widget-wrap elementor-element-populated\">\n\t\t\t\t\t\t<div class=\"elementor-element elementor-element-a8400ab sc_fly_static elementor-widget elementor-widget-spacer\" data-id=\"a8400ab\" data-element_type=\"widget\" data-widget_type=\"spacer.default\">\n\t\t\t\t<div class=\"elementor-widget-container\">\n\t\t\t\t\t<div class=\"elementor-spacer\">\n\t\t\t<div class=\"elementor-spacer-inner\"><\/div>\n\t\t<\/div>\n\t\t\t\t<\/div>\n\t\t\t\t<\/div>\n\t\t\t\t<div data-animation-type=\"block\" class=\"elementor-element elementor-element-4cc9d31 animation_type_block sc_fly_static elementor-invisible elementor-widget elementor-widget-heading\" data-id=\"4cc9d31\" data-element_type=\"widget\" data-settings=\"{&quot;_animation&quot;:&quot;slideInDown&quot;}\" data-widget_type=\"heading.default\">\n\t\t\t\t<div class=\"elementor-widget-container\">\n\t\t\t<h2 class=\"elementor-heading-title elementor-size-default\">Neon Rabbit<\/h2>\t\t<\/div>\n\t\t\t\t<\/div>\n\t\t\t\t<div class=\"elementor-element elementor-element-7e0a0dd sc_fly_static elementor-widget elementor-widget-spacer\" data-id=\"7e0a0dd\" data-element_type=\"widget\" data-widget_type=\"spacer.default\">\n\t\t\t\t<div class=\"elementor-widget-container\">\n\t\t\t\t\t<div class=\"elementor-spacer\">\n\t\t\t<div class=\"elementor-spacer-inner\"><\/div>\n\t\t<\/div>\n\t\t\t\t<\/div>\n\t\t\t\t<\/div>\n\t\t\t\t<div data-animation-type=\"block\" class=\"elementor-element elementor-element-2e793cf animation_type_block sc_fly_static elementor-invisible elementor-widget elementor-widget-text-editor\" data-id=\"2e793cf\" data-element_type=\"widget\" data-settings=\"{&quot;_animation&quot;:&quot;slideInUp&quot;}\" data-widget_type=\"text-editor.default\">\n\t\t\t\t<div class=\"elementor-widget-container\">\n\t\t\t\t\t\t\t<p>\u010ce zdru\u017eite pesem White Rabbit legendarne skupine Jefferson Airplane z zajcem iz Alice v \u010dude\u017eni de\u017eeli ter ju preslikate v 21. stoletje pono\u010di, kjer mesta nikoli ne spijo in glasno svetijo v neonskih barvah dobite koncept blagovne znamke obla\u010dil NEON RABBIT.<\/p>\n<p>Je hibrid pravlji\u010dnega, opojnega ter futuristi\u010dnega.<\/p>\n<p>NEON RABBIT je na\u0161a, doma\u010da blagovna znamka, ki temelji na &#8220;slow-fashion&#8221; principu izdelave kakovostnih in dolgotrajnih obla\u010dil, je trajnostno in eti\u010dno naravnana, pri svojem razvoju gleda v prihodnost in se poslu\u017euje inovativnih pristopov k oblikovanju.<\/p>\t\t\t\t\t\t<\/div>\n\t\t\t\t<\/div>\n\t\t\t\t<div class=\"elementor-element elementor-element-d09b311 sc_fly_static elementor-widget elementor-widget-spacer\" data-id=\"d09b311\" data-element_type=\"widget\" data-widget_type=\"spacer.default\">\n\t\t\t\t<div class=\"elementor-widget-container\">\n\t\t\t\t\t<div class=\"elementor-spacer\">\n\t\t\t<div class=\"elementor-spacer-inner\"><\/div>\n\t\t<\/div>\n\t\t\t\t<\/div>\n\t\t\t\t<\/div>\n\t\t\t\t\t<\/div>\n\t\t<\/div>\n\t\t\t\t\t<\/div>\n\t\t<\/section>\n\t\t\t\t<section class=\"elementor-section elementor-top-section elementor-element elementor-element-d214dee elementor-section-boxed elementor-section-height-default elementor-section-height-default sc_fly_static\" data-id=\"d214dee\" data-element_type=\"section\">\n\t\t\t\t\t\t<div class=\"elementor-container elementor-column-gap-extended\">\n\t\t\t\t\t<div class=\"elementor-column elementor-col-100 elementor-top-column elementor-element elementor-element-ca76355 sc_content_align_inherit sc_layouts_column_icons_position_left sc_fly_static\" data-id=\"ca76355\" data-element_type=\"column\">\n\t\t\t<div class=\"elementor-widget-wrap elementor-element-populated\">\n\t\t\t\t\t\t<div class=\"elementor-element elementor-element-c3ec080 sc_fly_static elementor-widget elementor-widget-spacer\" data-id=\"c3ec080\" data-element_type=\"widget\" data-widget_type=\"spacer.default\">\n\t\t\t\t<div class=\"elementor-widget-container\">\n\t\t\t\t\t<div class=\"elementor-spacer\">\n\t\t\t<div class=\"elementor-spacer-inner\"><\/div>\n\t\t<\/div>\n\t\t\t\t<\/div>\n\t\t\t\t<\/div>\n\t\t\t\t\t<\/div>\n\t\t<\/div>\n\t\t\t\t\t<\/div>\n\t\t<\/section>\n\t\t\t\t<section class=\"elementor-section elementor-top-section elementor-element elementor-element-dc0ea2b elementor-section-boxed elementor-section-height-default elementor-section-height-default sc_fly_static\" data-id=\"dc0ea2b\" data-element_type=\"section\">\n\t\t\t\t\t\t<div class=\"elementor-container elementor-column-gap-extended\">\n\t\t\t\t\t<div class=\"elementor-column elementor-col-50 elementor-top-column elementor-element elementor-element-afd2ab7 sc_content_align_inherit sc_layouts_column_icons_position_left sc_fly_static\" data-id=\"afd2ab7\" data-element_type=\"column\">\n\t\t\t<div class=\"elementor-widget-wrap elementor-element-populated\">\n\t\t\t\t\t\t<div class=\"elementor-element elementor-element-996bf3a sc_fly_static elementor-widget elementor-widget-spacer\" data-id=\"996bf3a\" data-element_type=\"widget\" data-widget_type=\"spacer.default\">\n\t\t\t\t<div class=\"elementor-widget-container\">\n\t\t\t\t\t<div class=\"elementor-spacer\">\n\t\t\t<div class=\"elementor-spacer-inner\"><\/div>\n\t\t<\/div>\n\t\t\t\t<\/div>\n\t\t\t\t<\/div>\n\t\t\t\t<div class=\"elementor-element elementor-element-f2e4306 sc_fly_static elementor-widget elementor-widget-heading\" data-id=\"f2e4306\" data-element_type=\"widget\" data-widget_type=\"heading.default\">\n\t\t\t\t<div class=\"elementor-widget-container\">\n\t\t\t<h2 class=\"elementor-heading-title elementor-size-default\">Irina Miliji\u0107, modna oblikovalka<\/h2>\t\t<\/div>\n\t\t\t\t<\/div>\n\t\t\t\t<div class=\"elementor-element elementor-element-2b97f91 sc_fly_static elementor-widget elementor-widget-spacer\" data-id=\"2b97f91\" data-element_type=\"widget\" data-widget_type=\"spacer.default\">\n\t\t\t\t<div class=\"elementor-widget-container\">\n\t\t\t\t\t<div class=\"elementor-spacer\">\n\t\t\t<div class=\"elementor-spacer-inner\"><\/div>\n\t\t<\/div>\n\t\t\t\t<\/div>\n\t\t\t\t<\/div>\n\t\t\t\t<div class=\"elementor-element elementor-element-e068c9e sc_fly_static elementor-widget elementor-widget-text-editor\" data-id=\"e068c9e\" data-element_type=\"widget\" data-widget_type=\"text-editor.default\">\n\t\t\t\t<div class=\"elementor-widget-container\">\n\t\t\t\t\t\t\t<p>Irina Miliji\u0107 je po kon\u010danem \u0161tudiju na Naravoslovnotehni\u0161ki fakulteti stopila na pot oblikovanja ter prodaje.<\/p>\n<p>Ve\u010dletne izku\u0161nje na podro\u010dju oblikovanja obla\u010dil po meri, prodaje izdelkov modnih znamk vi\u0161jega cenovnega razreda, na koncu tudi vodenje prodajalne so ji dale zagon za ustanovitev svoje znamke obla\u010dil ter modnih dodatkov.<\/p>\t\t\t\t\t\t<\/div>\n\t\t\t\t<\/div>\n\t\t\t\t\t<\/div>\n\t\t<\/div>\n\t\t\t\t<div class=\"elementor-column elementor-col-50 elementor-top-column elementor-element elementor-element-ee75fa2 sc_content_align_inherit sc_layouts_column_icons_position_left sc_fly_static\" data-id=\"ee75fa2\" data-element_type=\"column\">\n\t\t\t<div class=\"elementor-widget-wrap elementor-element-populated\">\n\t\t\t\t\t\t<div class=\"elementor-element elementor-element-e0cd527 sc_fly_static elementor-widget elementor-widget-image\" data-id=\"e0cd527\" data-element_type=\"widget\" data-widget_type=\"image.default\">\n\t\t\t\t<div class=\"elementor-widget-container\">\n\t\t\t\t\t\t\t\t\t\t\t\t\t<img fetchpriority=\"high\" decoding=\"async\" width=\"1024\" height=\"1024\" src=\"https:\/\/tvornica.si\/wp-content\/uploads\/2024\/10\/TVORNICA-Irina-Milijic.jpg\" class=\"attachment-large size-large wp-image-23862\" alt=\"\" srcset=\"https:\/\/tvornica.si\/wp-content\/uploads\/2024\/10\/TVORNICA-Irina-Milijic.jpg 1024w, https:\/\/tvornica.si\/wp-content\/uploads\/2024\/10\/TVORNICA-Irina-Milijic-300x300.jpg 300w, https:\/\/tvornica.si\/wp-content\/uploads\/2024\/10\/TVORNICA-Irina-Milijic-150x150.jpg 150w, https:\/\/tvornica.si\/wp-content\/uploads\/2024\/10\/TVORNICA-Irina-Milijic-768x768.jpg 768w, https:\/\/tvornica.si\/wp-content\/uploads\/2024\/10\/TVORNICA-Irina-Milijic-370x370.jpg 370w, https:\/\/tvornica.si\/wp-content\/uploads\/2024\/10\/TVORNICA-Irina-Milijic-120x120.jpg 120w, https:\/\/tvornica.si\/wp-content\/uploads\/2024\/10\/TVORNICA-Irina-Milijic-840x840.jpg 840w, https:\/\/tvornica.si\/wp-content\/uploads\/2024\/10\/TVORNICA-Irina-Milijic-410x410.jpg 410w, https:\/\/tvornica.si\/wp-content\/uploads\/2024\/10\/TVORNICA-Irina-Milijic-890x890.jpg 890w, https:\/\/tvornica.si\/wp-content\/uploads\/2024\/10\/TVORNICA-Irina-Milijic-630x630.jpg 630w, https:\/\/tvornica.si\/wp-content\/uploads\/2024\/10\/TVORNICA-Irina-Milijic-600x600.jpg 600w\" sizes=\"(max-width: 1024px) 100vw, 1024px\" \/>\t\t\t\t\t\t\t\t\t\t\t\t\t<\/div>\n\t\t\t\t<\/div>\n\t\t\t\t\t<\/div>\n\t\t<\/div>\n\t\t\t\t\t<\/div>\n\t\t<\/section>\n\t\t\t\t<section class=\"elementor-section elementor-top-section elementor-element elementor-element-179240e elementor-section-boxed elementor-section-height-default elementor-section-height-default sc_fly_static\" data-id=\"179240e\" data-element_type=\"section\">\n\t\t\t\t\t\t<div class=\"elementor-container elementor-column-gap-extended\">\n\t\t\t\t\t<div class=\"elementor-column elementor-col-100 elementor-top-column elementor-element elementor-element-45d12ea sc_content_align_inherit sc_layouts_column_icons_position_left sc_fly_static\" data-id=\"45d12ea\" data-element_type=\"column\">\n\t\t\t<div class=\"elementor-widget-wrap\">\n\t\t\t\t\t\t\t<\/div>\n\t\t<\/div>\n\t\t\t\t\t<\/div>\n\t\t<\/section>\n\t\t\t\t<section class=\"elementor-section elementor-top-section elementor-element elementor-element-1469c3d elementor-section-boxed elementor-section-height-default elementor-section-height-default sc_fly_static\" data-id=\"1469c3d\" data-element_type=\"section\">\n\t\t\t\t\t\t<div class=\"elementor-container elementor-column-gap-extended\">\n\t\t\t\t\t<div class=\"elementor-column elementor-col-100 elementor-top-column elementor-element elementor-element-dfcc55a sc_content_align_inherit sc_layouts_column_icons_position_left sc_fly_static\" data-id=\"dfcc55a\" data-element_type=\"column\">\n\t\t\t<div class=\"elementor-widget-wrap elementor-element-populated\">\n\t\t\t\t\t\t<div class=\"elementor-element elementor-element-e45e468 elementor-arrows-position-inside elementor-pagination-position-outside sc_fly_static elementor-widget elementor-widget-image-carousel\" data-id=\"e45e468\" data-element_type=\"widget\" data-settings=\"{&quot;navigation&quot;:&quot;both&quot;,&quot;autoplay&quot;:&quot;yes&quot;,&quot;pause_on_hover&quot;:&quot;yes&quot;,&quot;pause_on_interaction&quot;:&quot;yes&quot;,&quot;autoplay_speed&quot;:5000,&quot;infinite&quot;:&quot;yes&quot;,&quot;speed&quot;:500}\" data-widget_type=\"image-carousel.default\">\n\t\t\t\t<div class=\"elementor-widget-container\">\n\t\t\t\t\t<div class=\"elementor-image-carousel-wrapper swiper\" dir=\"ltr\">\n\t\t\t<div class=\"elementor-image-carousel swiper-wrapper\" aria-live=\"off\">\n\t\t\t\t\t\t\t\t<div class=\"swiper-slide\" role=\"group\" aria-roledescription=\"slide\" aria-label=\"1 of 8\"><figure class=\"swiper-slide-inner\"><img decoding=\"async\" class=\"swiper-slide-image\" src=\"https:\/\/tvornica.si\/wp-content\/uploads\/2024\/11\/Tvornica_fotobyMMO_NeonRabbit-853x1280-8-570x696.jpg\" alt=\"\" \/><\/figure><\/div><div class=\"swiper-slide\" role=\"group\" aria-roledescription=\"slide\" aria-label=\"2 of 8\"><figure class=\"swiper-slide-inner\"><img decoding=\"async\" class=\"swiper-slide-image\" src=\"https:\/\/tvornica.si\/wp-content\/uploads\/2024\/11\/Tvornica_fotobyMMO_NeonRabbit-853x1280-10-570x696.jpg\" alt=\"\" \/><\/figure><\/div><div class=\"swiper-slide\" role=\"group\" aria-roledescription=\"slide\" aria-label=\"3 of 8\"><figure class=\"swiper-slide-inner\"><img decoding=\"async\" class=\"swiper-slide-image\" src=\"https:\/\/tvornica.si\/wp-content\/uploads\/2024\/11\/Tvornica_fotobyMMO_NeonRabbit-853x1280-11-570x696.jpg\" alt=\"\" \/><\/figure><\/div><div class=\"swiper-slide\" role=\"group\" aria-roledescription=\"slide\" aria-label=\"4 of 8\"><figure class=\"swiper-slide-inner\"><img decoding=\"async\" class=\"swiper-slide-image\" src=\"https:\/\/tvornica.si\/wp-content\/uploads\/2024\/03\/Tvornica_fotobyMMO_1_featured-1920x1080-1-570x696.jpg\" alt=\"\" \/><\/figure><\/div><div class=\"swiper-slide\" role=\"group\" aria-roledescription=\"slide\" aria-label=\"5 of 8\"><figure class=\"swiper-slide-inner\"><img decoding=\"async\" class=\"swiper-slide-image\" src=\"https:\/\/tvornica.si\/wp-content\/uploads\/2024\/10\/Tvornica_fotobyMMO_2._outfit_32-1920x1280-1-570x696.jpg\" alt=\"\" \/><\/figure><\/div><div class=\"swiper-slide\" role=\"group\" aria-roledescription=\"slide\" aria-label=\"6 of 8\"><figure class=\"swiper-slide-inner\"><img decoding=\"async\" class=\"swiper-slide-image\" src=\"https:\/\/tvornica.si\/wp-content\/uploads\/2024\/10\/Tvornica_fotobyMMO_2._outfit_7-1920x1280-1-570x696.jpg\" alt=\"\" \/><\/figure><\/div><div class=\"swiper-slide\" role=\"group\" aria-roledescription=\"slide\" aria-label=\"7 of 8\"><figure class=\"swiper-slide-inner\"><img decoding=\"async\" class=\"swiper-slide-image\" src=\"https:\/\/tvornica.si\/wp-content\/uploads\/2024\/10\/Tvornica_fotobyMMO_1._outfit_21-853x1280-1-570x696.jpg\" alt=\"\" \/><\/figure><\/div><div class=\"swiper-slide\" role=\"group\" aria-roledescription=\"slide\" aria-label=\"8 of 8\"><figure class=\"swiper-slide-inner\"><img decoding=\"async\" class=\"swiper-slide-image\" src=\"https:\/\/tvornica.si\/wp-content\/uploads\/2024\/10\/TVORNICA-video-N1-end-1920x1280-1-570x696.jpg\" alt=\"\" \/><\/figure><\/div>\t\t\t<\/div>\n\t\t\t\t\t\t\t\t\t\t\t\t<div class=\"elementor-swiper-button elementor-swiper-button-prev\" role=\"button\" tabindex=\"0\">\n\t\t\t\t\t\t<i aria-hidden=\"true\" class=\"eicon-chevron-left\"><\/i>\t\t\t\t\t<\/div>\n\t\t\t\t\t<div class=\"elementor-swiper-button elementor-swiper-button-next\" role=\"button\" tabindex=\"0\">\n\t\t\t\t\t\t<i aria-hidden=\"true\" class=\"eicon-chevron-right\"><\/i>\t\t\t\t\t<\/div>\n\t\t\t\t\n\t\t\t\t\t\t\t\t\t<div class=\"swiper-pagination\"><\/div>\n\t\t\t\t\t\t\t\t\t<\/div>\n\t\t\t\t<\/div>\n\t\t\t\t<\/div>\n\t\t\t\t\t<\/div>\n\t\t<\/div>\n\t\t\t\t\t<\/div>\n\t\t<\/section>\n\t\t\t\t<\/div>","protected":false},"excerpt":{"rendered":"<p>Neon Rabbit \u010ce zdru\u017eite pesem White Rabbit legendarne skupine Jefferson Airplane z zajcem iz Alice v \u010dude\u017eni de\u017eeli ter ju preslikate v 21. stoletje pono\u010di, kjer mesta nikoli ne spijo&hellip;<\/p>","protected":false},"author":2,"featured_media":24304,"parent":0,"menu_order":0,"comment_status":"closed","ping_status":"closed","template":"","meta":{"footnotes":""},"class_list":["post-24303","page","type-page","status-publish","has-post-thumbnail","hentry"],"_links":{"self":[{"href":"https:\/\/tvornica.si\/en\/wp-json\/wp\/v2\/pages\/24303","targetHints":{"allow":["GET"]}}],"collection":[{"href":"https:\/\/tvornica.si\/en\/wp-json\/wp\/v2\/pages"}],"about":[{"href":"https:\/\/tvornica.si\/en\/wp-json\/wp\/v2\/types\/page"}],"author":[{"embeddable":true,"href":"https:\/\/tvornica.si\/en\/wp-json\/wp\/v2\/users\/2"}],"replies":[{"embeddable":true,"href":"https:\/\/tvornica.si\/en\/wp-json\/wp\/v2\/comments?post=24303"}],"version-history":[{"count":5,"href":"https:\/\/tvornica.si\/en\/wp-json\/wp\/v2\/pages\/24303\/revisions"}],"predecessor-version":[{"id":24310,"href":"https:\/\/tvornica.si\/en\/wp-json\/wp\/v2\/pages\/24303\/revisions\/24310"}],"wp:featuredmedia":[{"embeddable":true,"href":"https:\/\/tvornica.si\/en\/wp-json\/wp\/v2\/media\/24304"}],"wp:attachment":[{"href":"https:\/\/tvornica.si\/en\/wp-json\/wp\/v2\/media?parent=24303"}],"curies":[{"name":"wp","href":"https:\/\/api.w.org\/{rel}","templated":true}]}}